{"id":8751,"date":"2017-12-18T03:45:29","date_gmt":"2017-12-17T23:45:29","guid":{"rendered":"https:\/\/www.tamarin-golf-club.com\/tgc-tournament\/"},"modified":"2025-05-30T15:01:53","modified_gmt":"2025-05-30T11:01:53","slug":"tgc-tournament-2","status":"publish","type":"page","link":"https:\/\/tamarin-golf-club.com\/en\/tgc-tournament-2\/","title":{"rendered":"Match-Play"},"content":{"rendered":"\t\t<div data-elementor-type=\"wp-page\" data-elementor-id=\"8751\" class=\"elementor elementor-8751 elementor-2356\">\n\t\t\t\t<div class=\"elementor-element elementor-element-c7fa2e1 e-flex e-con-boxed e-con e-parent\" data-id=\"c7fa2e1\" data-element_type=\"container\" data-settings=\"{&quot;background_background&quot;:&quot;classic&quot;}\">\n\t\t\t\t\t<div class=\"e-con-inner\">\n\t\t\t\t\t<\/div>\n\t\t\t\t<\/div>\n\t\t<div class=\"elementor-element elementor-element-21faa07 e-flex e-con-boxed e-con e-parent\" data-id=\"21faa07\" data-element_type=\"container\">\n\t\t\t\t\t<div class=\"e-con-inner\">\n\t\t\t\t<div class=\"elementor-element elementor-element-68840e8 elementor-widget elementor-widget-heading\" data-id=\"68840e8\" data-element_type=\"widget\" data-widget_type=\"heading.default\">\n\t\t\t\t<div class=\"elementor-widget-container\">\n\t\t\t\t\t<h1 class=\"elementor-heading-title elementor-size-default\">Telfair Match-Play<\/h1>\t\t\t\t<\/div>\n\t\t\t\t<\/div>\n\t\t\t\t\t<\/div>\n\t\t\t\t<\/div>\n\t\t<div class=\"elementor-element elementor-element-61c6b33 e-flex e-con-boxed e-con e-parent\" data-id=\"61c6b33\" data-element_type=\"container\">\n\t\t\t\t\t<div class=\"e-con-inner\">\n\t\t<div class=\"elementor-element elementor-element-dafcf3d e-con-full e-flex e-con e-child\" data-id=\"dafcf3d\" data-element_type=\"container\">\n\t\t\t\t<div class=\"elementor-element elementor-element-4dce1ba elementor-widget elementor-widget-text-editor\" data-id=\"4dce1ba\" data-element_type=\"widget\" data-widget_type=\"text-editor.default\">\n\t\t\t\t<div class=\"elementor-widget-container\">\n\t\t\t\t\t\t\t\t\t<p>12\u00e8me \u00e9dition du tournoi de match-play du TGC. Autrefois appel\u00e9 TGC Tournament, il s\u2019appelle depuis 2021, le <strong>Telfair Match-Play<\/strong>, en r\u00e9f\u00e9rence au sponsor de cette comp\u00e9tition, fid\u00e8le du TGC depuis le d\u00e9but de ce tournoi, merci au domaine de Bel Ombre et \u00e0 l\u2019h\u00f4tel H\u00e9ritage Telfair !!<\/p><p>Au-del\u00e0 de la comp\u00e9tition en elle-m\u00eame, c\u2019est surtout la possibilit\u00e9 pour les membres du TGC de pratiquer un autre golf, moins individuel, o\u00f9 la performance est r\u00e9compens\u00e9e trou par trou et non pas parcours par parcours.<\/p><p>Vous trouverez ci-dessous tout ce qu\u2019il faut savoir sur ce tournoi de match-play par \u00e9quipe de 2. A noter que c\u2019est une comp\u00e9tition r\u00e9serv\u00e9e aux membres du TGC et que les frais d\u2019inscription sont de Rs 500 par \u00e9quipe. <\/p>\t\t\t\t\t\t\t\t<\/div>\n\t\t\t\t<\/div>\n\t\t\t\t<\/div>\n\t\t<div class=\"elementor-element elementor-element-1194e85 e-con-full e-flex e-con e-child\" data-id=\"1194e85\" data-element_type=\"container\">\n\t\t\t\t<div class=\"elementor-element elementor-element-be955eb elementor-widget elementor-widget-image-gallery\" data-id=\"be955eb\" data-element_type=\"widget\" data-widget_type=\"image-gallery.default\">\n\t\t\t\t<div class=\"elementor-widget-container\">\n\t\t\t\t\t\t\t<div class=\"elementor-image-gallery\">\n\t\t\t<div id='gallery-1' class='gallery galleryid-8751 gallery-columns-2 gallery-size-thumbnail'><figure class='gallery-item'>\n\t\t\t<div class='gallery-icon landscape'>\n\t\t\t\t<a data-elementor-open-lightbox=\"yes\" data-elementor-lightbox-slideshow=\"be955eb\" data-elementor-lightbox-title=\"Logo-Heritage-Le-Telfair\" data-e-action-hash=\"#elementor-action%3Aaction%3Dlightbox%26settings%3DeyJpZCI6Nzc2MywidXJsIjoiaHR0cHM6XC9cL3RhbWFyaW4tZ29sZi1jbHViLmNvbVwvd3AtY29udGVudFwvdXBsb2Fkc1wvMjAyMVwvMDJcL0xvZ28tSGVyaXRhZ2UtTGUtVGVsZmFpci5qcGciLCJzbGlkZXNob3ciOiJiZTk1NWViIn0%3D\" href='https:\/\/tamarin-golf-club.com\/wp-content\/uploads\/2021\/02\/Logo-Heritage-Le-Telfair.jpg'><img decoding=\"async\" width=\"150\" height=\"150\" src=\"https:\/\/tamarin-golf-club.com\/wp-content\/uploads\/2021\/02\/Logo-Heritage-Le-Telfair-150x150.jpg\" class=\"attachment-thumbnail size-thumbnail\" alt=\"\" srcset=\"https:\/\/tamarin-golf-club.com\/wp-content\/uploads\/2021\/02\/Logo-Heritage-Le-Telfair-150x150.jpg 150w, https:\/\/tamarin-golf-club.com\/wp-content\/uploads\/2021\/02\/Logo-Heritage-Le-Telfair.jpg 400w\" sizes=\"(max-width: 150px) 100vw, 150px\" \/><\/a>\n\t\t\t<\/div><\/figure><figure class='gallery-item'>\n\t\t\t<div class='gallery-icon landscape'>\n\t\t\t\t<a data-elementor-open-lightbox=\"yes\" data-elementor-lightbox-slideshow=\"be955eb\" data-elementor-lightbox-title=\"Logo - Heritage Golf Club\" data-e-action-hash=\"#elementor-action%3Aaction%3Dlightbox%26settings%3DeyJpZCI6NjU3NiwidXJsIjoiaHR0cHM6XC9cL3RhbWFyaW4tZ29sZi1jbHViLmNvbVwvd3AtY29udGVudFwvdXBsb2Fkc1wvMjAxOFwvMDFcL0xvZ28tSGVyaXRhZ2UtR29sZi1DbHViLmpwZyIsInNsaWRlc2hvdyI6ImJlOTU1ZWIifQ%3D%3D\" href='https:\/\/tamarin-golf-club.com\/wp-content\/uploads\/2018\/01\/Logo-Heritage-Golf-Club.jpg'><img decoding=\"async\" width=\"150\" height=\"150\" src=\"https:\/\/tamarin-golf-club.com\/wp-content\/uploads\/2018\/01\/Logo-Heritage-Golf-Club-150x150.jpg\" class=\"attachment-thumbnail size-thumbnail\" alt=\"\" srcset=\"https:\/\/tamarin-golf-club.com\/wp-content\/uploads\/2018\/01\/Logo-Heritage-Golf-Club-150x150.jpg 150w, https:\/\/tamarin-golf-club.com\/wp-content\/uploads\/2018\/01\/Logo-Heritage-Golf-Club-500x500.jpg 500w, https:\/\/tamarin-golf-club.com\/wp-content\/uploads\/2018\/01\/Logo-Heritage-Golf-Club-768x768.jpg 768w, https:\/\/tamarin-golf-club.com\/wp-content\/uploads\/2018\/01\/Logo-Heritage-Golf-Club.jpg 805w\" sizes=\"(max-width: 150px) 100vw, 150px\" \/><\/a>\n\t\t\t<\/div><\/figure>\n\t\t<\/div>\n\t\t<\/div>\n\t\t\t\t\t\t<\/div>\n\t\t\t\t<\/div>\n\t\t\t\t<\/div>\n\t\t\t\t\t<\/div>\n\t\t\t\t<\/div>\n\t\t<div class=\"elementor-element elementor-element-197b518 e-flex e-con-boxed e-con e-parent\" data-id=\"197b518\" data-element_type=\"container\">\n\t\t\t\t\t<div class=\"e-con-inner\">\n\t\t<div class=\"elementor-element elementor-element-bf78768 e-con-full e-flex e-con e-child\" data-id=\"bf78768\" data-element_type=\"container\">\n\t\t\t\t<div class=\"elementor-element elementor-element-e075d1d elementor-view-stacked elementor-shape-circle elementor-widget elementor-widget-icon\" data-id=\"e075d1d\" data-element_type=\"widget\" data-widget_type=\"icon.default\">\n\t\t\t\t<div class=\"elementor-widget-container\">\n\t\t\t\t\t\t\t<div class=\"elementor-icon-wrapper\">\n\t\t\t<a class=\"elementor-icon\" href=\"https:\/\/www.tamarin-golf-club.com\/calendrier-du-tgc-tournament\/\">\n\t\t\t<svg aria-hidden=\"true\" class=\"e-font-icon-svg e-far-calendar-alt\" viewBox=\"0 0 448 512\" xmlns=\"http:\/\/www.w3.org\/2000\/svg\"><path d=\"M148 288h-40c-6.6 0-12-5.4-12-12v-40c0-6.6 5.4-12 12-12h40c6.6 0 12 5.4 12 12v40c0 6.6-5.4 12-12 12zm108-12v-40c0-6.6-5.4-12-12-12h-40c-6.6 0-12 5.4-12 12v40c0 6.6 5.4 12 12 12h40c6.6 0 12-5.4 12-12zm96 0v-40c0-6.6-5.4-12-12-12h-40c-6.6 0-12 5.4-12 12v40c0 6.6 5.4 12 12 12h40c6.6 0 12-5.4 12-12zm-96 96v-40c0-6.6-5.4-12-12-12h-40c-6.6 0-12 5.4-12 12v40c0 6.6 5.4 12 12 12h40c6.6 0 12-5.4 12-12zm-96 0v-40c0-6.6-5.4-12-12-12h-40c-6.6 0-12 5.4-12 12v40c0 6.6 5.4 12 12 12h40c6.6 0 12-5.4 12-12zm192 0v-40c0-6.6-5.4-12-12-12h-40c-6.6 0-12 5.4-12 12v40c0 6.6 5.4 12 12 12h40c6.6 0 12-5.4 12-12zm96-260v352c0 26.5-21.5 48-48 48H48c-26.5 0-48-21.5-48-48V112c0-26.5 21.5-48 48-48h48V12c0-6.6 5.4-12 12-12h40c6.6 0 12 5.4 12 12v52h128V12c0-6.6 5.4-12 12-12h40c6.6 0 12 5.4 12 12v52h48c26.5 0 48 21.5 48 48zm-48 346V160H48v298c0 3.3 2.7 6 6 6h340c3.3 0 6-2.7 6-6z\"><\/path><\/svg>\t\t\t<\/a>\n\t\t<\/div>\n\t\t\t\t\t\t<\/div>\n\t\t\t\t<\/div>\n\t\t\t\t<div class=\"elementor-element elementor-element-9dfd62b elementor-widget elementor-widget-heading\" data-id=\"9dfd62b\" data-element_type=\"widget\" data-widget_type=\"heading.default\">\n\t\t\t\t<div class=\"elementor-widget-container\">\n\t\t\t\t\t<h3 class=\"elementor-heading-title elementor-size-default\">Calendrier<\/h3>\t\t\t\t<\/div>\n\t\t\t\t<\/div>\n\t\t\t\t<\/div>\n\t\t<div class=\"elementor-element elementor-element-a7a306f e-con-full e-flex e-con e-child\" data-id=\"a7a306f\" data-element_type=\"container\">\n\t\t\t\t<div class=\"elementor-element elementor-element-71bd178 elementor-view-stacked elementor-shape-circle elementor-widget elementor-widget-icon\" data-id=\"71bd178\" data-element_type=\"widget\" data-widget_type=\"icon.default\">\n\t\t\t\t<div class=\"elementor-widget-container\">\n\t\t\t\t\t\t\t<div class=\"elementor-icon-wrapper\">\n\t\t\t<a class=\"elementor-icon\" href=\"https:\/\/www.tamarin-golf-club.com\/telfair-match-play-reglement\/\">\n\t\t\t<svg aria-hidden=\"true\" class=\"e-font-icon-svg e-fas-balance-scale\" viewBox=\"0 0 640 512\" xmlns=\"http:\/\/www.w3.org\/2000\/svg\"><path d=\"M256 336h-.02c0-16.18 1.34-8.73-85.05-181.51-17.65-35.29-68.19-35.36-85.87 0C-2.06 328.75.02 320.33.02 336H0c0 44.18 57.31 80 128 80s128-35.82 128-80zM128 176l72 144H56l72-144zm511.98 160c0-16.18 1.34-8.73-85.05-181.51-17.65-35.29-68.19-35.36-85.87 0-87.12 174.26-85.04 165.84-85.04 181.51H384c0 44.18 57.31 80 128 80s128-35.82 128-80h-.02zM440 320l72-144 72 144H440zm88 128H352V153.25c23.51-10.29 41.16-31.48 46.39-57.25H528c8.84 0 16-7.16 16-16V48c0-8.84-7.16-16-16-16H383.64C369.04 12.68 346.09 0 320 0s-49.04 12.68-63.64 32H112c-8.84 0-16 7.16-16 16v32c0 8.84 7.16 16 16 16h129.61c5.23 25.76 22.87 46.96 46.39 57.25V448H112c-8.84 0-16 7.16-16 16v32c0 8.84 7.16 16 16 16h416c8.84 0 16-7.16 16-16v-32c0-8.84-7.16-16-16-16z\"><\/path><\/svg>\t\t\t<\/a>\n\t\t<\/div>\n\t\t\t\t\t\t<\/div>\n\t\t\t\t<\/div>\n\t\t\t\t<div class=\"elementor-element elementor-element-4d9c451 elementor-widget elementor-widget-heading\" data-id=\"4d9c451\" data-element_type=\"widget\" data-widget_type=\"heading.default\">\n\t\t\t\t<div class=\"elementor-widget-container\">\n\t\t\t\t\t<h3 class=\"elementor-heading-title elementor-size-default\">R\u00e8glement<\/h3>\t\t\t\t<\/div>\n\t\t\t\t<\/div>\n\t\t\t\t<\/div>\n\t\t<div class=\"elementor-element elementor-element-a460dd7 e-con-full e-flex e-con e-child\" data-id=\"a460dd7\" data-element_type=\"container\">\n\t\t\t\t<div class=\"elementor-element elementor-element-3df68ec elementor-view-stacked elementor-shape-circle elementor-widget elementor-widget-icon\" data-id=\"3df68ec\" data-element_type=\"widget\" data-widget_type=\"icon.default\">\n\t\t\t\t<div class=\"elementor-widget-container\">\n\t\t\t\t\t\t\t<div class=\"elementor-icon-wrapper\">\n\t\t\t<a class=\"elementor-icon\" href=\"https:\/\/www.tamarin-golf-club.com\/inscription-au-tgc-tournament\/\">\n\t\t\t<svg aria-hidden=\"true\" class=\"e-font-icon-svg e-far-edit\" viewBox=\"0 0 576 512\" xmlns=\"http:\/\/www.w3.org\/2000\/svg\"><path d=\"M402.3 344.9l32-32c5-5 13.7-1.5 13.7 5.7V464c0 26.5-21.5 48-48 48H48c-26.5 0-48-21.5-48-48V112c0-26.5 21.5-48 48-48h273.5c7.1 0 10.7 8.6 5.7 13.7l-32 32c-1.5 1.5-3.5 2.3-5.7 2.3H48v352h352V350.5c0-2.1.8-4.1 2.3-5.6zm156.6-201.8L296.3 405.7l-90.4 10c-26.2 2.9-48.5-19.2-45.6-45.6l10-90.4L432.9 17.1c22.9-22.9 59.9-22.9 82.7 0l43.2 43.2c22.9 22.9 22.9 60 .1 82.8zM460.1 174L402 115.9 216.2 301.8l-7.3 65.3 65.3-7.3L460.1 174zm64.8-79.7l-43.2-43.2c-4.1-4.1-10.8-4.1-14.8 0L436 82l58.1 58.1 30.9-30.9c4-4.2 4-10.8-.1-14.9z\"><\/path><\/svg>\t\t\t<\/a>\n\t\t<\/div>\n\t\t\t\t\t\t<\/div>\n\t\t\t\t<\/div>\n\t\t\t\t<div class=\"elementor-element elementor-element-5ea04db elementor-widget elementor-widget-heading\" data-id=\"5ea04db\" data-element_type=\"widget\" data-widget_type=\"heading.default\">\n\t\t\t\t<div class=\"elementor-widget-container\">\n\t\t\t\t\t<h3 class=\"elementor-heading-title elementor-size-default\">Inscription<\/h3>\t\t\t\t<\/div>\n\t\t\t\t<\/div>\n\t\t\t\t<\/div>\n\t\t<div class=\"elementor-element elementor-element-94ea5b4 e-con-full e-flex e-con e-child\" data-id=\"94ea5b4\" data-element_type=\"container\">\n\t\t\t\t<div class=\"elementor-element elementor-element-d0b0ee2 elementor-view-stacked elementor-shape-circle elementor-widget elementor-widget-icon\" data-id=\"d0b0ee2\" data-element_type=\"widget\" data-widget_type=\"icon.default\">\n\t\t\t\t<div class=\"elementor-widget-container\">\n\t\t\t\t\t\t\t<div class=\"elementor-icon-wrapper\">\n\t\t\t<a class=\"elementor-icon\" href=\"https:\/\/www.tamarin-golf-club.com\/wp-content\/uploads\/2025\/04\/TELFAIR-Match-Play-Tableau.pdf\">\n\t\t\t<svg aria-hidden=\"true\" class=\"e-font-icon-svg e-fas-landmark\" viewBox=\"0 0 512 512\" xmlns=\"http:\/\/www.w3.org\/2000\/svg\"><path d=\"M501.62 92.11L267.24 2.04a31.958 31.958 0 0 0-22.47 0L10.38 92.11A16.001 16.001 0 0 0 0 107.09V144c0 8.84 7.16 16 16 16h480c8.84 0 16-7.16 16-16v-36.91c0-6.67-4.14-12.64-10.38-14.98zM64 192v160H48c-8.84 0-16 7.16-16 16v48h448v-48c0-8.84-7.16-16-16-16h-16V192h-64v160h-96V192h-64v160h-96V192H64zm432 256H16c-8.84 0-16 7.16-16 16v32c0 8.84 7.16 16 16 16h480c8.84 0 16-7.16 16-16v-32c0-8.84-7.16-16-16-16z\"><\/path><\/svg>\t\t\t<\/a>\n\t\t<\/div>\n\t\t\t\t\t\t<\/div>\n\t\t\t\t<\/div>\n\t\t\t\t<div class=\"elementor-element elementor-element-1dd8e57 elementor-widget elementor-widget-heading\" data-id=\"1dd8e57\" data-element_type=\"widget\" data-widget_type=\"heading.default\">\n\t\t\t\t<div class=\"elementor-widget-container\">\n\t\t\t\t\t<h3 class=\"elementor-heading-title elementor-size-default\">R\u00e9sultats et Classement<\/h3>\t\t\t\t<\/div>\n\t\t\t\t<\/div>\n\t\t\t\t<\/div>\n\t\t\t\t\t<\/div>\n\t\t\t\t<\/div>\n\t\t\t\t<\/div>\n\t\t","protected":false},"excerpt":{"rendered":"<p>Telfair Match-Play 12\u00e8me \u00e9dition du tournoi de match-play du TGC. Autrefois appel\u00e9 TGC Tournament, il s\u2019appelle depuis 2021, le Telfair Match-Play, en r\u00e9f\u00e9rence au sponsor de cette comp\u00e9tition, fid\u00e8le du TGC depuis le d\u00e9but de ce tournoi, merci au domaine de Bel Ombre et \u00e0 l\u2019h\u00f4tel H\u00e9ritage Telfair !! Au-del\u00e0 de la comp\u00e9tition en elle-m\u00eame, [&hellip;]<\/p>\n","protected":false},"author":1,"featured_media":0,"parent":0,"menu_order":0,"comment_status":"closed","ping_status":"closed","template":"elementor_header_footer","meta":{"_acf_changed":false,"footnotes":""},"class_list":["post-8751","page","type-page","status-publish","hentry"],"acf":[],"yoast_head":"<!-- This site is optimized with the Yoast SEO plugin v25.8 - https:\/\/yoast.com\/wordpress\/plugins\/seo\/ -->\n<title>Match-Play - Tamarin Golf Club<\/title>\n<meta name=\"robots\" content=\"index, follow, max-snippet:-1, max-image-preview:large, max-video-preview:-1\" \/>\n<link rel=\"canonical\" href=\"https:\/\/tamarin-golf-club.com\/tgc-tournament-2\/\" \/>\n<meta property=\"og:locale\" content=\"en_US\" \/>\n<meta property=\"og:type\" content=\"article\" \/>\n<meta property=\"og:title\" content=\"Match-Play - Tamarin Golf Club\" \/>\n<meta property=\"og:description\" content=\"Telfair Match-Play 12\u00e8me \u00e9dition du tournoi de match-play du TGC. Autrefois appel\u00e9 TGC Tournament, il s\u2019appelle depuis 2021, le Telfair Match-Play, en r\u00e9f\u00e9rence au sponsor de cette comp\u00e9tition, fid\u00e8le du TGC depuis le d\u00e9but de ce tournoi, merci au domaine de Bel Ombre et \u00e0 l\u2019h\u00f4tel H\u00e9ritage Telfair !! Au-del\u00e0 de la comp\u00e9tition en elle-m\u00eame, [&hellip;]\" \/>\n<meta property=\"og:url\" content=\"https:\/\/tamarin-golf-club.com\/tgc-tournament-2\/\" \/>\n<meta property=\"og:site_name\" content=\"Tamarin Golf Club\" \/>\n<meta property=\"article:modified_time\" content=\"2025-05-30T11:01:53+00:00\" \/>\n<meta property=\"og:image\" content=\"https:\/\/tamarin-golf-club.com\/wp-content\/uploads\/2021\/02\/Logo-Heritage-Le-Telfair-150x150.jpg\" \/>\n<meta name=\"twitter:card\" content=\"summary_large_image\" \/>\n<meta name=\"twitter:label1\" content=\"Est. reading time\" \/>\n\t<meta name=\"twitter:data1\" content=\"2 minutes\" \/>\n<script type=\"application\/ld+json\" class=\"yoast-schema-graph\">{\"@context\":\"https:\/\/schema.org\",\"@graph\":[{\"@type\":\"WebPage\",\"@id\":\"https:\/\/tamarin-golf-club.com\/tgc-tournament-2\/\",\"url\":\"https:\/\/tamarin-golf-club.com\/tgc-tournament-2\/\",\"name\":\"Match-Play - Tamarin Golf Club\",\"isPartOf\":{\"@id\":\"https:\/\/tamarin-golf-club.com\/#website\"},\"primaryImageOfPage\":{\"@id\":\"https:\/\/tamarin-golf-club.com\/tgc-tournament-2\/#primaryimage\"},\"image\":{\"@id\":\"https:\/\/tamarin-golf-club.com\/tgc-tournament-2\/#primaryimage\"},\"thumbnailUrl\":\"https:\/\/tamarin-golf-club.com\/wp-content\/uploads\/2021\/02\/Logo-Heritage-Le-Telfair-150x150.jpg\",\"datePublished\":\"2017-12-17T23:45:29+00:00\",\"dateModified\":\"2025-05-30T11:01:53+00:00\",\"breadcrumb\":{\"@id\":\"https:\/\/tamarin-golf-club.com\/tgc-tournament-2\/#breadcrumb\"},\"inLanguage\":\"en-US\",\"potentialAction\":[{\"@type\":\"ReadAction\",\"target\":[\"https:\/\/tamarin-golf-club.com\/tgc-tournament-2\/\"]}]},{\"@type\":\"ImageObject\",\"inLanguage\":\"en-US\",\"@id\":\"https:\/\/tamarin-golf-club.com\/tgc-tournament-2\/#primaryimage\",\"url\":\"https:\/\/tamarin-golf-club.com\/wp-content\/uploads\/2021\/02\/Logo-Heritage-Le-Telfair-150x150.jpg\",\"contentUrl\":\"https:\/\/tamarin-golf-club.com\/wp-content\/uploads\/2021\/02\/Logo-Heritage-Le-Telfair-150x150.jpg\"},{\"@type\":\"BreadcrumbList\",\"@id\":\"https:\/\/tamarin-golf-club.com\/tgc-tournament-2\/#breadcrumb\",\"itemListElement\":[{\"@type\":\"ListItem\",\"position\":1,\"name\":\"Accueil\",\"item\":\"https:\/\/tamarin-golf-club.com\/en\/\"},{\"@type\":\"ListItem\",\"position\":2,\"name\":\"Match-Play\"}]},{\"@type\":\"WebSite\",\"@id\":\"https:\/\/tamarin-golf-club.com\/#website\",\"url\":\"https:\/\/tamarin-golf-club.com\/\",\"name\":\"Tamarin Golf Club\",\"description\":\"L&#039;important, c&#039;est de taper fort... ou pas\",\"potentialAction\":[{\"@type\":\"SearchAction\",\"target\":{\"@type\":\"EntryPoint\",\"urlTemplate\":\"https:\/\/tamarin-golf-club.com\/?s={search_term_string}\"},\"query-input\":{\"@type\":\"PropertyValueSpecification\",\"valueRequired\":true,\"valueName\":\"search_term_string\"}}],\"inLanguage\":\"en-US\"}]}<\/script>\n<!-- \/ Yoast SEO plugin. -->","yoast_head_json":{"title":"Match-Play - Tamarin Golf Club","robots":{"index":"index","follow":"follow","max-snippet":"max-snippet:-1","max-image-preview":"max-image-preview:large","max-video-preview":"max-video-preview:-1"},"canonical":"https:\/\/tamarin-golf-club.com\/tgc-tournament-2\/","og_locale":"en_US","og_type":"article","og_title":"Match-Play - Tamarin Golf Club","og_description":"Telfair Match-Play 12\u00e8me \u00e9dition du tournoi de match-play du TGC. Autrefois appel\u00e9 TGC Tournament, il s\u2019appelle depuis 2021, le Telfair Match-Play, en r\u00e9f\u00e9rence au sponsor de cette comp\u00e9tition, fid\u00e8le du TGC depuis le d\u00e9but de ce tournoi, merci au domaine de Bel Ombre et \u00e0 l\u2019h\u00f4tel H\u00e9ritage Telfair !! Au-del\u00e0 de la comp\u00e9tition en elle-m\u00eame, [&hellip;]","og_url":"https:\/\/tamarin-golf-club.com\/tgc-tournament-2\/","og_site_name":"Tamarin Golf Club","article_modified_time":"2025-05-30T11:01:53+00:00","og_image":[{"url":"https:\/\/tamarin-golf-club.com\/wp-content\/uploads\/2021\/02\/Logo-Heritage-Le-Telfair-150x150.jpg","type":"","width":"","height":""}],"twitter_card":"summary_large_image","twitter_misc":{"Est. reading time":"2 minutes"},"schema":{"@context":"https:\/\/schema.org","@graph":[{"@type":"WebPage","@id":"https:\/\/tamarin-golf-club.com\/tgc-tournament-2\/","url":"https:\/\/tamarin-golf-club.com\/tgc-tournament-2\/","name":"Match-Play - Tamarin Golf Club","isPartOf":{"@id":"https:\/\/tamarin-golf-club.com\/#website"},"primaryImageOfPage":{"@id":"https:\/\/tamarin-golf-club.com\/tgc-tournament-2\/#primaryimage"},"image":{"@id":"https:\/\/tamarin-golf-club.com\/tgc-tournament-2\/#primaryimage"},"thumbnailUrl":"https:\/\/tamarin-golf-club.com\/wp-content\/uploads\/2021\/02\/Logo-Heritage-Le-Telfair-150x150.jpg","datePublished":"2017-12-17T23:45:29+00:00","dateModified":"2025-05-30T11:01:53+00:00","breadcrumb":{"@id":"https:\/\/tamarin-golf-club.com\/tgc-tournament-2\/#breadcrumb"},"inLanguage":"en-US","potentialAction":[{"@type":"ReadAction","target":["https:\/\/tamarin-golf-club.com\/tgc-tournament-2\/"]}]},{"@type":"ImageObject","inLanguage":"en-US","@id":"https:\/\/tamarin-golf-club.com\/tgc-tournament-2\/#primaryimage","url":"https:\/\/tamarin-golf-club.com\/wp-content\/uploads\/2021\/02\/Logo-Heritage-Le-Telfair-150x150.jpg","contentUrl":"https:\/\/tamarin-golf-club.com\/wp-content\/uploads\/2021\/02\/Logo-Heritage-Le-Telfair-150x150.jpg"},{"@type":"BreadcrumbList","@id":"https:\/\/tamarin-golf-club.com\/tgc-tournament-2\/#breadcrumb","itemListElement":[{"@type":"ListItem","position":1,"name":"Accueil","item":"https:\/\/tamarin-golf-club.com\/en\/"},{"@type":"ListItem","position":2,"name":"Match-Play"}]},{"@type":"WebSite","@id":"https:\/\/tamarin-golf-club.com\/#website","url":"https:\/\/tamarin-golf-club.com\/","name":"Tamarin Golf Club","description":"L&#039;important, c&#039;est de taper fort... ou pas","potentialAction":[{"@type":"SearchAction","target":{"@type":"EntryPoint","urlTemplate":"https:\/\/tamarin-golf-club.com\/?s={search_term_string}"},"query-input":{"@type":"PropertyValueSpecification","valueRequired":true,"valueName":"search_term_string"}}],"inLanguage":"en-US"}]}},"_links":{"self":[{"href":"https:\/\/tamarin-golf-club.com\/en\/wp-json\/wp\/v2\/pages\/8751","targetHints":{"allow":["GET"]}}],"collection":[{"href":"https:\/\/tamarin-golf-club.com\/en\/wp-json\/wp\/v2\/pages"}],"about":[{"href":"https:\/\/tamarin-golf-club.com\/en\/wp-json\/wp\/v2\/types\/page"}],"author":[{"embeddable":true,"href":"https:\/\/tamarin-golf-club.com\/en\/wp-json\/wp\/v2\/users\/1"}],"replies":[{"embeddable":true,"href":"https:\/\/tamarin-golf-club.com\/en\/wp-json\/wp\/v2\/comments?post=8751"}],"version-history":[{"count":10,"href":"https:\/\/tamarin-golf-club.com\/en\/wp-json\/wp\/v2\/pages\/8751\/revisions"}],"predecessor-version":[{"id":9009,"href":"https:\/\/tamarin-golf-club.com\/en\/wp-json\/wp\/v2\/pages\/8751\/revisions\/9009"}],"wp:attachment":[{"href":"https:\/\/tamarin-golf-club.com\/en\/wp-json\/wp\/v2\/media?parent=8751"}],"curies":[{"name":"wp","href":"https:\/\/api.w.org\/{rel}","templated":true}]}}