{"id":8756,"date":"2018-01-15T07:52:44","date_gmt":"2018-01-15T03:52:44","guid":{"rendered":"https:\/\/www.tamarin-golf-club.com\/nos-partenaires\/"},"modified":"2025-02-03T17:52:42","modified_gmt":"2025-02-03T13:52:42","slug":"our-partners","status":"publish","type":"page","link":"https:\/\/tamarin-golf-club.com\/en\/our-partners\/","title":{"rendered":"Our partners"},"content":{"rendered":"<p>[vc_section][vc_row css=&#8221;.vc_custom_1516003960213{padding-bottom: 50px !important;}&#8221;][vc_column width=&#8221;1\/3&#8243;][vc_single_image image=&#8221;6088&#8243; alignment=&#8221;center&#8221; onclick=&#8221;custom_link&#8221; img_link_target=&#8221;_blank&#8221; link=&#8221;https:\/\/www.captamarin.mu\/&#8221; css=&#8221;.vc_custom_1708351110177{border-radius: 2px !important;}&#8221;][vc_column_text]<\/p>\n<p style=\"text-align: center;\">361 est le sponsor principal du TGC Tour, r\u00e9compensant les 3 premiers du classement annuel<\/p>\n<p>[\/vc_column_text][\/vc_column][vc_column width=&#8221;1\/3&#8243;][vc_single_image image=&#8221;4396&#8243; alignment=&#8221;center&#8221; onclick=&#8221;custom_link&#8221; img_link_target=&#8221;_blank&#8221; link=&#8221;https:\/\/www.sofitel-imperial-mauritius.com\/&#8221;][vc_column_text]<\/p>\n<p style=\"text-align: center;\">Anahita est le sponsor de l&#8217;Ordre du M\u00e9rite du TGC qui r\u00e9compense le meilleur joueur Gross de l&#8217;ann\u00e9e en lui offrant un membership annuel<\/p>\n<p style=\"text-align: center;\">+ Sponsor du meilleur gross par Round<\/p>\n<p>[\/vc_column_text][\/vc_column][vc_column width=&#8221;1\/3&#8243;][vc_single_image image=&#8221;4740&#8243; alignment=&#8221;center&#8221;][vc_column_text]<\/p>\n<p style=\"text-align: center;\">Sponsor de notre tournoi match-play annuel, le groupe H\u00e9ritage Bel Ombre fait partie des plus fid\u00e8les partenaires du TGC. Cette ann\u00e9e, c&#8217;est l&#8217;h\u00f4tel Le Telfair qui est mis en avant.<\/p>\n<p>[\/vc_column_text][\/vc_column][\/vc_row][vc_row css=&#8221;.vc_custom_1516003960213{padding-bottom: 50px !important;}&#8221;][vc_column width=&#8221;1\/3&#8243;][vc_single_image image=&#8221;6097&#8243; alignment=&#8221;center&#8221; onclick=&#8221;custom_link&#8221; img_link_target=&#8221;_blank&#8221; link=&#8221;https:\/\/www.anahita.mu\/fr&#8221;][vc_column_text]<\/p>\n<p style=\"text-align: center;\">E-Golf a toujours \u00e9t\u00e9 pr\u00e9sent aux c\u00f4t\u00e9s du TGC. Son implication cette ann\u00e9e via le sponsor d&#8217;un nearest to the pin en est la d\u00e9monstration.<\/p>\n<p>[\/vc_column_text][\/vc_column][vc_column width=&#8221;1\/3&#8243;][vc_single_image image=&#8221;6094&#8243; alignment=&#8221;center&#8221; onclick=&#8221;custom_link&#8221; img_link_target=&#8221;_blank&#8221; link=&#8221;https:\/\/www.nicolas.com\/fr\/magasins\/ILE-MAURICE\/s\/00000007.html&#8221;][vc_column_text]<\/p>\n<p style=\"text-align: center;\">Sponsor d&#8217;un nearest to the pin par round<\/p>\n<p>[\/vc_column_text][\/vc_column][vc_column width=&#8221;1\/3&#8243;][vc_single_image image=&#8221;4397&#8243; alignment=&#8221;center&#8221; onclick=&#8221;custom_link&#8221; img_link_target=&#8221;_blank&#8221; link=&#8221;http:\/\/www.pnl.mu\/&#8221;][vc_column_text]<\/p>\n<p style=\"text-align: center;\">Sponsor du &#8220;Longest Drive&#8221; Femmes<\/p>\n<p style=\"text-align: center;\">et du &#8220;Longest Drive&#8221; Hommes<\/p>\n<p>[\/vc_column_text][\/vc_column][\/vc_row][vc_row][vc_column width=&#8221;1\/3&#8243;][vc_single_image image=&#8221;5758&#8243; alignment=&#8221;center&#8221; onclick=&#8221;custom_link&#8221; img_link_target=&#8221;_blank&#8221; link=&#8221;https:\/\/www.heritageresorts.mu\/fr\/hotels-ile-maurice\/awali-tout-inclus&#8221;][vc_column_text]<\/p>\n<p style=\"text-align: center;\">Sponsor d&#8217;un &#8220;Hole in 1&#8221;<\/p>\n<p>[\/vc_column_text][\/vc_column][vc_column width=&#8221;1\/3&#8243;][vc_single_image image=&#8221;6089&#8243; alignment=&#8221;center&#8221; onclick=&#8221;custom_link&#8221; img_link_target=&#8221;_blank&#8221; link=&#8221;https:\/\/www.beachcomber-hotels.com\/&#8221;][vc_column_text]<\/p>\n<p style=\"text-align: center;\">Sponsor d&#8217;un nearest to the pin par round<\/p>\n<p>[\/vc_column_text][\/vc_column][vc_column width=&#8221;1\/3&#8243;][vc_single_image image=&#8221;6093&#8243; alignment=&#8221;center&#8221; onclick=&#8221;custom_link&#8221; img_link_target=&#8221;_blank&#8221; link=&#8221;http:\/\/www.tamarina.mu\/&#8221;][vc_column_text]<\/p>\n<p style=\"text-align: center;\">Sponsor d&#8217;un nearest to the pin par round<\/p>\n<p>[\/vc_column_text][\/vc_column][\/vc_row][\/vc_section]<\/p>\n","protected":false},"excerpt":{"rendered":"<p>[vc_section][vc_row css=&#8221;.vc_custom_1516003960213{padding-bottom: 50px !important;}&#8221;][vc_column width=&#8221;1\/3&#8243;][vc_single_image image=&#8221;6088&#8243; alignment=&#8221;center&#8221; onclick=&#8221;custom_link&#8221; img_link_target=&#8221;_blank&#8221; link=&#8221;https:\/\/www.captamarin.mu\/&#8221; css=&#8221;.vc_custom_1708351110177{border-radius: 2px !important;}&#8221;][vc_column_text] 361 est le sponsor principal du TGC Tour, r\u00e9compensant les 3 premiers du classement annuel [\/vc_column_text][\/vc_column][vc_column width=&#8221;1\/3&#8243;][vc_single_image image=&#8221;4396&#8243; alignment=&#8221;center&#8221; onclick=&#8221;custom_link&#8221; img_link_target=&#8221;_blank&#8221; link=&#8221;https:\/\/www.sofitel-imperial-mauritius.com\/&#8221;][vc_column_text] Anahita est le sponsor de l&#8217;Ordre du M\u00e9rite du TGC qui r\u00e9compense le meilleur joueur Gross de l&#8217;ann\u00e9e en lui [&hellip;]<\/p>\n","protected":false},"author":1,"featured_media":0,"parent":0,"menu_order":0,"comment_status":"closed","ping_status":"closed","template":"elementor_header_footer","meta":{"_acf_changed":false,"footnotes":""},"class_list":["post-8756","page","type-page","status-publish","hentry"],"acf":[],"yoast_head":"<!-- This site is optimized with the Yoast SEO plugin v25.8 - https:\/\/yoast.com\/wordpress\/plugins\/seo\/ -->\n<title>Our partners - Tamarin Golf Club<\/title>\n<meta name=\"robots\" content=\"index, follow, max-snippet:-1, max-image-preview:large, max-video-preview:-1\" \/>\n<link rel=\"canonical\" href=\"https:\/\/tamarin-golf-club.com\/en\/our-partners\/\" \/>\n<meta property=\"og:locale\" content=\"en_US\" \/>\n<meta property=\"og:type\" content=\"article\" \/>\n<meta property=\"og:title\" content=\"Our partners - Tamarin Golf Club\" \/>\n<meta property=\"og:description\" content=\"[vc_section][vc_row css=&#8221;.vc_custom_1516003960213{padding-bottom: 50px !important;}&#8221;][vc_column width=&#8221;1\/3&#8243;][vc_single_image image=&#8221;6088&#8243; alignment=&#8221;center&#8221; onclick=&#8221;custom_link&#8221; img_link_target=&#8221;_blank&#8221; link=&#8221;https:\/\/www.captamarin.mu\/&#8221; css=&#8221;.vc_custom_1708351110177{border-radius: 2px !important;}&#8221;][vc_column_text] 361 est le sponsor principal du TGC Tour, r\u00e9compensant les 3 premiers du classement annuel [\/vc_column_text][\/vc_column][vc_column width=&#8221;1\/3&#8243;][vc_single_image image=&#8221;4396&#8243; alignment=&#8221;center&#8221; onclick=&#8221;custom_link&#8221; img_link_target=&#8221;_blank&#8221; link=&#8221;https:\/\/www.sofitel-imperial-mauritius.com\/&#8221;][vc_column_text] Anahita est le sponsor de l&#8217;Ordre du M\u00e9rite du TGC qui r\u00e9compense le meilleur joueur Gross de l&#8217;ann\u00e9e en lui [&hellip;]\" \/>\n<meta property=\"og:url\" content=\"https:\/\/tamarin-golf-club.com\/en\/our-partners\/\" \/>\n<meta property=\"og:site_name\" content=\"Tamarin Golf Club\" \/>\n<meta property=\"article:modified_time\" content=\"2025-02-03T13:52:42+00:00\" \/>\n<meta name=\"twitter:card\" content=\"summary_large_image\" \/>\n<meta name=\"twitter:label1\" content=\"Est. reading time\" \/>\n\t<meta name=\"twitter:data1\" content=\"3 minutes\" \/>\n<script type=\"application\/ld+json\" class=\"yoast-schema-graph\">{\"@context\":\"https:\/\/schema.org\",\"@graph\":[{\"@type\":\"WebPage\",\"@id\":\"https:\/\/tamarin-golf-club.com\/en\/our-partners\/\",\"url\":\"https:\/\/tamarin-golf-club.com\/en\/our-partners\/\",\"name\":\"Our partners - Tamarin Golf Club\",\"isPartOf\":{\"@id\":\"https:\/\/tamarin-golf-club.com\/#website\"},\"datePublished\":\"2018-01-15T03:52:44+00:00\",\"dateModified\":\"2025-02-03T13:52:42+00:00\",\"breadcrumb\":{\"@id\":\"https:\/\/tamarin-golf-club.com\/en\/our-partners\/#breadcrumb\"},\"inLanguage\":\"en-US\",\"potentialAction\":[{\"@type\":\"ReadAction\",\"target\":[\"https:\/\/tamarin-golf-club.com\/en\/our-partners\/\"]}]},{\"@type\":\"BreadcrumbList\",\"@id\":\"https:\/\/tamarin-golf-club.com\/en\/our-partners\/#breadcrumb\",\"itemListElement\":[{\"@type\":\"ListItem\",\"position\":1,\"name\":\"Accueil\",\"item\":\"https:\/\/tamarin-golf-club.com\/en\/\"},{\"@type\":\"ListItem\",\"position\":2,\"name\":\"Our partners\"}]},{\"@type\":\"WebSite\",\"@id\":\"https:\/\/tamarin-golf-club.com\/#website\",\"url\":\"https:\/\/tamarin-golf-club.com\/\",\"name\":\"Tamarin Golf Club\",\"description\":\"L&#039;important, c&#039;est de taper fort... ou pas\",\"potentialAction\":[{\"@type\":\"SearchAction\",\"target\":{\"@type\":\"EntryPoint\",\"urlTemplate\":\"https:\/\/tamarin-golf-club.com\/?s={search_term_string}\"},\"query-input\":{\"@type\":\"PropertyValueSpecification\",\"valueRequired\":true,\"valueName\":\"search_term_string\"}}],\"inLanguage\":\"en-US\"}]}<\/script>\n<!-- \/ Yoast SEO plugin. -->","yoast_head_json":{"title":"Our partners - Tamarin Golf Club","robots":{"index":"index","follow":"follow","max-snippet":"max-snippet:-1","max-image-preview":"max-image-preview:large","max-video-preview":"max-video-preview:-1"},"canonical":"https:\/\/tamarin-golf-club.com\/en\/our-partners\/","og_locale":"en_US","og_type":"article","og_title":"Our partners - Tamarin Golf Club","og_description":"[vc_section][vc_row css=&#8221;.vc_custom_1516003960213{padding-bottom: 50px !important;}&#8221;][vc_column width=&#8221;1\/3&#8243;][vc_single_image image=&#8221;6088&#8243; alignment=&#8221;center&#8221; onclick=&#8221;custom_link&#8221; img_link_target=&#8221;_blank&#8221; link=&#8221;https:\/\/www.captamarin.mu\/&#8221; css=&#8221;.vc_custom_1708351110177{border-radius: 2px !important;}&#8221;][vc_column_text] 361 est le sponsor principal du TGC Tour, r\u00e9compensant les 3 premiers du classement annuel [\/vc_column_text][\/vc_column][vc_column width=&#8221;1\/3&#8243;][vc_single_image image=&#8221;4396&#8243; alignment=&#8221;center&#8221; onclick=&#8221;custom_link&#8221; img_link_target=&#8221;_blank&#8221; link=&#8221;https:\/\/www.sofitel-imperial-mauritius.com\/&#8221;][vc_column_text] Anahita est le sponsor de l&#8217;Ordre du M\u00e9rite du TGC qui r\u00e9compense le meilleur joueur Gross de l&#8217;ann\u00e9e en lui [&hellip;]","og_url":"https:\/\/tamarin-golf-club.com\/en\/our-partners\/","og_site_name":"Tamarin Golf Club","article_modified_time":"2025-02-03T13:52:42+00:00","twitter_card":"summary_large_image","twitter_misc":{"Est. reading time":"3 minutes"},"schema":{"@context":"https:\/\/schema.org","@graph":[{"@type":"WebPage","@id":"https:\/\/tamarin-golf-club.com\/en\/our-partners\/","url":"https:\/\/tamarin-golf-club.com\/en\/our-partners\/","name":"Our partners - Tamarin Golf Club","isPartOf":{"@id":"https:\/\/tamarin-golf-club.com\/#website"},"datePublished":"2018-01-15T03:52:44+00:00","dateModified":"2025-02-03T13:52:42+00:00","breadcrumb":{"@id":"https:\/\/tamarin-golf-club.com\/en\/our-partners\/#breadcrumb"},"inLanguage":"en-US","potentialAction":[{"@type":"ReadAction","target":["https:\/\/tamarin-golf-club.com\/en\/our-partners\/"]}]},{"@type":"BreadcrumbList","@id":"https:\/\/tamarin-golf-club.com\/en\/our-partners\/#breadcrumb","itemListElement":[{"@type":"ListItem","position":1,"name":"Accueil","item":"https:\/\/tamarin-golf-club.com\/en\/"},{"@type":"ListItem","position":2,"name":"Our partners"}]},{"@type":"WebSite","@id":"https:\/\/tamarin-golf-club.com\/#website","url":"https:\/\/tamarin-golf-club.com\/","name":"Tamarin Golf Club","description":"L&#039;important, c&#039;est de taper fort... ou pas","potentialAction":[{"@type":"SearchAction","target":{"@type":"EntryPoint","urlTemplate":"https:\/\/tamarin-golf-club.com\/?s={search_term_string}"},"query-input":{"@type":"PropertyValueSpecification","valueRequired":true,"valueName":"search_term_string"}}],"inLanguage":"en-US"}]}},"_links":{"self":[{"href":"https:\/\/tamarin-golf-club.com\/en\/wp-json\/wp\/v2\/pages\/8756","targetHints":{"allow":["GET"]}}],"collection":[{"href":"https:\/\/tamarin-golf-club.com\/en\/wp-json\/wp\/v2\/pages"}],"about":[{"href":"https:\/\/tamarin-golf-club.com\/en\/wp-json\/wp\/v2\/types\/page"}],"author":[{"embeddable":true,"href":"https:\/\/tamarin-golf-club.com\/en\/wp-json\/wp\/v2\/users\/1"}],"replies":[{"embeddable":true,"href":"https:\/\/tamarin-golf-club.com\/en\/wp-json\/wp\/v2\/comments?post=8756"}],"version-history":[{"count":1,"href":"https:\/\/tamarin-golf-club.com\/en\/wp-json\/wp\/v2\/pages\/8756\/revisions"}],"predecessor-version":[{"id":8757,"href":"https:\/\/tamarin-golf-club.com\/en\/wp-json\/wp\/v2\/pages\/8756\/revisions\/8757"}],"wp:attachment":[{"href":"https:\/\/tamarin-golf-club.com\/en\/wp-json\/wp\/v2\/media?parent=8756"}],"curies":[{"name":"wp","href":"https:\/\/api.w.org\/{rel}","templated":true}]}}